{"id":2,"date":"2022-01-30T17:42:27","date_gmt":"2022-01-30T16:42:27","guid":{"rendered":"http:\/\/m-sf.de\/blog\/?page_id=2"},"modified":"2023-04-07T13:34:54","modified_gmt":"2023-04-07T11:34:54","slug":"newsletter","status":"publish","type":"page","link":"https:\/\/m-sf.de\/blog\/newsletter\/","title":{"rendered":"Newsletter"},"content":{"rendered":"\n<h2>Newsletter:<\/h2>\n\n\n\n<p>Unsere Mailinglisten dienen dazu, Aktive und InteressentInnen des Sozialforums M\u00fcnchen mit aktuellen Informationen zu versorgen.<\/p>\n\n\n\n<p>Das Sozialforum M\u00fcnchen hat zwei verschiedene Mailinglisten:<\/p>\n\n\n\n<p><strong>Den Rundbrief:<\/strong> <strong><a href=\"mailto:m-sf@m-sf.de\">m-sf@m-sf.de<\/a><\/strong><\/p>\n\n\n\n<p>Diese Maillingliste dient zur Information \u00fcber die Aktivit\u00e4ten des Sozialforums M\u00fcnchen und zur Diskussion von Themen, die das Sozialforum betreffen.\u00a0<\/p>\n\n\n\n<p>Eure Texte sendet bitte an <a href=\"mailto:m-sf@m-sf.de\">m-sf@m-sf.de<\/a><\/p>\n\n\n\n<p>Anmeldung und weitere Infos: <a rel=\"noreferrer noopener\" href=\"https:\/\/listen.jpberlin.de\/mailman\/listinfo\/m-sf\" target=\"_blank\"> https:\/\/listen.jpberlin.de\/mailman\/listinfo\/m-sf <\/a><\/p>\n\n\n\n<p><\/p>\n\n\n\n<p><strong>Die Kalenderliste: <\/strong><a href=\"mailto:kalender@m-sf.de\">kalender@m-sf.de<\/a><\/p>\n\n\n\n<p>In dieser Mailingsliste wird \u00fcber Termine von Veranstaltungen und Aktionen in M\u00fcnchen und Umgebung informiert. Nat\u00fcrlich auch \u00fcber wichtige \u00fcberregionale Termine.<\/p>\n\n\n\n<p>Eure Termine sendet bitte an <a href=\"mailto:kalender@m-sf.de\">kalender@m-sf.de<\/a><\/p>\n\n\n\n<p>Anmeldung und weitere Infos:  <a rel=\"noreferrer noopener\" href=\"https:\/\/listen.jpberlin.de\/mailman\/listinfo\/kalender\" target=\"_blank\">https:\/\/listen.jpberlin.de\/mailman\/listinfo\/kal<\/a><\/p>\n\n\n\n<p><\/p>\n\n\n\n<p><\/p>\n\n\n\n<p><strong>Abonniert unsere Newsletter<\/strong> <\/p>\n\n\n\n<p><strong>&#8230; oder kommt zu unserem monatlichen Plenum<\/strong>!<\/p>\n","protected":false},"excerpt":{"rendered":"<p>Newsletter: Unsere Mailinglisten dienen dazu, Aktive und InteressentInnen des Sozialforums M\u00fcnchen mit aktuellen Informationen zu versorgen. Das Sozialforum M\u00fcnchen hat zwei verschiedene Mailinglisten: Den Rundbrief: m-sf@m-sf.de Diese Maillingliste dient zur Information \u00fcber die Aktivit\u00e4ten des Sozialforums M\u00fcnchen und zur Diskussion von Themen, die das Sozialforum betreffen.\u00a0 Eure Texte sendet bitte an m-sf@m-sf.de Anmeldung und weitere [&hellip;]<\/p>\n","protected":false},"author":1,"featured_media":0,"parent":0,"menu_order":0,"comment_status":"closed","ping_status":"open","template":"","meta":{"hide_page_title":""},"_links":{"self":[{"href":"https:\/\/m-sf.de\/blog\/wp-json\/wp\/v2\/pages\/2"}],"collection":[{"href":"https:\/\/m-sf.de\/blog\/wp-json\/wp\/v2\/pages"}],"about":[{"href":"https:\/\/m-sf.de\/blog\/wp-json\/wp\/v2\/types\/page"}],"author":[{"embeddable":true,"href":"https:\/\/m-sf.de\/blog\/wp-json\/wp\/v2\/users\/1"}],"replies":[{"embeddable":true,"href":"https:\/\/m-sf.de\/blog\/wp-json\/wp\/v2\/comments?post=2"}],"version-history":[{"count":12,"href":"https:\/\/m-sf.de\/blog\/wp-json\/wp\/v2\/pages\/2\/revisions"}],"predecessor-version":[{"id":367,"href":"https:\/\/m-sf.de\/blog\/wp-json\/wp\/v2\/pages\/2\/revisions\/367"}],"wp:attachment":[{"href":"https:\/\/m-sf.de\/blog\/wp-json\/wp\/v2\/media?parent=2"}],"curies":[{"name":"wp","href":"https:\/\/api.w.org\/{rel}","templated":true}]}}